{"id":55,"date":"2026-02-24T07:24:19","date_gmt":"2026-02-24T07:24:19","guid":{"rendered":"https:\/\/ufaktefekisler.com\/?page_id=55"},"modified":"2026-03-10T22:09:32","modified_gmt":"2026-03-10T22:09:32","slug":"hakkinda","status":"publish","type":"page","link":"https:\/\/ufaktefekisler.com\/?page_id=55","title":{"rendered":"Hakk\u0131m\u0131zda"},"content":{"rendered":"<p style=\"text-align: center;\">Y\u0131llard\u0131r \u00e7evremdeki insanlara ev i\u00e7indeki k\u00fc\u00e7\u00fck ama \u00f6nemli teknik konularda yard\u0131mc\u0131 oluyorum. Priz de\u011fi\u015fimi, avize montaj\u0131, LED tamiri, matkap i\u015fleri ve ufak elektrik ar\u0131zalar\u0131\u2026 Ba\u015flang\u0131\u00e7ta tamamen yard\u0131m ama\u00e7l\u0131 yapt\u0131\u011f\u0131m bu i\u015fler zamanla bana \u00f6nemli bir ger\u00e7e\u011fi g\u00f6sterdi: <strong>\u0130nsanlar\u0131n g\u00fcvenilir, temiz ve i\u015fini \u00f6zenle yapan birine ger\u00e7ekten ihtiyac\u0131 var.<\/strong><\/p>\n<p style=\"text-align: center;\">Benim i\u00e7in bir i\u015fi \u201cyapm\u0131\u015f olmak i\u00e7in\u201d yapmak asla yeterli de\u011fil. Her zaman i\u00e7ime sinecek, sa\u011flam, pratik ve uzun \u00f6m\u00fcrl\u00fc \u00e7\u00f6z\u00fcmler \u00fcretmeyi hedeflerim. Temiz \u00e7al\u0131\u015f\u0131r\u0131m, yar\u0131m i\u015f b\u0131rakmam ve sorunu gereksiz yere b\u00fcy\u00fctmeden \u00e7\u00f6zerim.<\/p>\n<p style=\"text-align: center;\">Ev i\u00e7inde k\u00fc\u00e7\u00fck gibi g\u00f6r\u00fcnen teknik i\u015fler bazen g\u00f6zde b\u00fcy\u00fcyebiliyor. \u0130\u015fte tam bu noktada devreye giriyorum: <strong>G\u00fcvenli, h\u0131zl\u0131 ve d\u00fczg\u00fcn bir \u015fekilde \u00e7\u00f6z\u00fcm sunuyorum.<\/strong><\/p>\n<p style=\"text-align: center;\">Art\u0131k bu i\u015fi profesyonel olarak yapmaya karar verdim. \u00c7\u00fcnk\u00fc hem sevdi\u011fim i\u015fi yapmak hem de eme\u011fimin kar\u015f\u0131l\u0131\u011f\u0131n\u0131 al\u0131rken insanlara ger\u00e7ekten yard\u0131mc\u0131 olmak istiyorum.<\/p>\n<p style=\"text-align: center;\">Evinizde g\u00f6n\u00fcl rahatl\u0131\u011f\u0131yla \u00e7a\u011f\u0131rabilece\u011finiz, i\u015fini titizlikle yapan birine ihtiya\u00e7 duydu\u011funuzda buraday\u0131m.<\/p>\n","protected":false},"excerpt":{"rendered":"<p>Y\u0131llard\u0131r \u00e7evremdeki insanlara ev i\u00e7indeki k\u00fc\u00e7\u00fck ama \u00f6nemli teknik konularda yard\u0131mc\u0131 oluyorum. Priz de\u011fi\u015fimi, avize montaj\u0131, LED tamiri, matkap i\u015fleri ve ufak elektrik ar\u0131zalar\u0131\u2026 Ba\u015flang\u0131\u00e7ta tamamen yard\u0131m ama\u00e7l\u0131 yapt\u0131\u011f\u0131m bu i\u015fler zamanla bana \u00f6nemli bir ger\u00e7e\u011fi g\u00f6sterdi: \u0130nsanlar\u0131n g\u00fcvenilir, temiz ve i\u015fini \u00f6zenle yapan birine ger\u00e7ekten ihtiyac\u0131 var. Benim i\u00e7in bir i\u015fi \u201cyapm\u0131\u015f olmak i\u00e7in\u201d [&hellip;]<\/p>\n","protected":false},"author":1,"featured_media":0,"parent":0,"menu_order":0,"comment_status":"closed","ping_status":"closed","template":"","meta":{"footnotes":""},"class_list":["post-55","page","type-page","status-publish","hentry"],"_links":{"self":[{"href":"https:\/\/ufaktefekisler.com\/index.php?rest_route=\/wp\/v2\/pages\/55","targetHints":{"allow":["GET"]}}],"collection":[{"href":"https:\/\/ufaktefekisler.com\/index.php?rest_route=\/wp\/v2\/pages"}],"about":[{"href":"https:\/\/ufaktefekisler.com\/index.php?rest_route=\/wp\/v2\/types\/page"}],"author":[{"embeddable":true,"href":"https:\/\/ufaktefekisler.com\/index.php?rest_route=\/wp\/v2\/users\/1"}],"replies":[{"embeddable":true,"href":"https:\/\/ufaktefekisler.com\/index.php?rest_route=%2Fwp%2Fv2%2Fcomments&post=55"}],"version-history":[{"count":7,"href":"https:\/\/ufaktefekisler.com\/index.php?rest_route=\/wp\/v2\/pages\/55\/revisions"}],"predecessor-version":[{"id":97,"href":"https:\/\/ufaktefekisler.com\/index.php?rest_route=\/wp\/v2\/pages\/55\/revisions\/97"}],"wp:attachment":[{"href":"https:\/\/ufaktefekisler.com\/index.php?rest_route=%2Fwp%2Fv2%2Fmedia&parent=55"}],"curies":[{"name":"wp","href":"https:\/\/api.w.org\/{rel}","templated":true}]}}